{"id":17,"date":"2013-08-05T20:17:50","date_gmt":"2013-08-05T19:17:50","guid":{"rendered":"https:\/\/samir-eliouj.com\/?page_id=17"},"modified":"2018-02-19T10:57:22","modified_gmt":"2018-02-19T09:57:22","slug":"tarif-infographiste-3d-freelance","status":"publish","type":"page","link":"https:\/\/samir-eliouj.com\/?page_id=17","title":{"rendered":"Nous Contacter"},"content":{"rendered":"<p>&nbsp;<\/p>\n<h2>Contactez nous<\/h2>\n<p>Besoin d&#8217;un expert? vous \u00eates plus que bienvenue pour nous laisser vos informations de contact sur toutes vos ou renseignements compl\u00e9mentaires, demandes de collaboration ou de devis.<\/p>\n<h3>Visitez Nous<\/h3>\n<p>N&#8217;h\u00e9sitez pas nous rendre visite et \u00e0 prendre rendez vous avec nous pour toutes collaboration<\/p>\n<p>Gueliz, Marrakech, Maroc<\/p>\n<h3>Appelez Nous<\/h3>\n<p>Contactez nous par t\u00e9l\u00e9phone ou bien par Skype, ou faire une vid\u00e9o conf\u00e9rence ou que vous soyez<\/p>\n<p>+212 (0) 653 833 985<\/p>\n<h3>Contactez Nous<\/h3>\n<p>Nous seront ravie de prendre contact avec vous pour vous r\u00e9pondre \u00e0 toutes vos questions.<\/p>\n<p>elioujsamir@gmail.com<\/p>\n<p><iframe loading=\"lazy\" src=\"https:\/\/maps.google.com\/maps?q=Gueliz%2C+Marrakech%2C+Maroc&amp;t=m&amp;z=10&amp;output=embed&amp;iwloc=near\" width=\"300\" height=\"150\" frameborder=\"0\" marginwidth=\"0\" marginheight=\"0\" scrolling=\"no\"><\/iframe><br \/>\n<a target=\"_blank\" rel=\"noopener noreferrer\"><br \/>\n<\/a><br \/>\n<a target=\"_blank\" rel=\"noopener noreferrer\"><br \/>\n<\/a><br \/>\n<a target=\"_blank\" rel=\"noopener noreferrer\"><br \/>\n<\/a><br \/>\n<a target=\"_blank\" rel=\"noopener noreferrer\"><br \/>\n<\/a><br \/>\n<a target=\"_blank\" rel=\"noopener noreferrer\"><br \/>\n<\/a><\/p>\n","protected":false},"excerpt":{"rendered":"<p>&nbsp; Contactez nous Besoin d&#8217;un expert? vous \u00eates plus que bienvenue pour nous laisser vos informations de contact sur toutes vos ou renseignements compl\u00e9mentaires, &hellip; <a href=\"https:\/\/samir-eliouj.com\/?page_id=17\" class=\"readmore\">More <span class=\"screen-reader-text\">Nous Contacter<\/span> &raquo;<\/a><\/p>\n","protected":false},"author":1,"featured_media":0,"parent":0,"menu_order":3,"comment_status":"closed","ping_status":"closed","template":"template-fullwidth.php","meta":{"footnotes":""},"class_list":["post-17","page","type-page","status-publish","hentry"],"_links":{"self":[{"href":"https:\/\/samir-eliouj.com\/index.php?rest_route=\/wp\/v2\/pages\/17","targetHints":{"allow":["GET"]}}],"collection":[{"href":"https:\/\/samir-eliouj.com\/index.php?rest_route=\/wp\/v2\/pages"}],"about":[{"href":"https:\/\/samir-eliouj.com\/index.php?rest_route=\/wp\/v2\/types\/page"}],"author":[{"embeddable":true,"href":"https:\/\/samir-eliouj.com\/index.php?rest_route=\/wp\/v2\/users\/1"}],"replies":[{"embeddable":true,"href":"https:\/\/samir-eliouj.com\/index.php?rest_route=%2Fwp%2Fv2%2Fcomments&post=17"}],"version-history":[{"count":22,"href":"https:\/\/samir-eliouj.com\/index.php?rest_route=\/wp\/v2\/pages\/17\/revisions"}],"predecessor-version":[{"id":3900,"href":"https:\/\/samir-eliouj.com\/index.php?rest_route=\/wp\/v2\/pages\/17\/revisions\/3900"}],"wp:attachment":[{"href":"https:\/\/samir-eliouj.com\/index.php?rest_route=%2Fwp%2Fv2%2Fmedia&parent=17"}],"curies":[{"name":"wp","href":"https:\/\/api.w.org\/{rel}","templated":true}]}}