{"id":2,"date":"2013-08-05T18:20:45","date_gmt":"2013-08-05T18:20:45","guid":{"rendered":"https:\/\/samir-eliouj.com\/?page_id=2"},"modified":"2018-04-20T15:01:40","modified_gmt":"2018-04-20T14:01:40","slug":"perspective-3d-architecture-service-de-rendu-3d-freelance-3d-maroc","status":"publish","type":"page","link":"https:\/\/samir-eliouj.com\/?page_id=2","title":{"rendered":"A Propos"},"content":{"rendered":"<h1><a href=\"https:\/\/samir-eliouj.com\/contact\/\">A Propos de Nous<\/a><\/h1>\n<p>Nous sommes un groupe passionn\u00e9s d&#8217;image 3D, de l&#8217;architecture et de la d\u00e9coration, nous r\u00e9alisons des images de synth\u00e8se architecturales, animation 3D et aussi de la R\u00e9alit\u00e9 augment\u00e9e VR. Notre expertise nous permet d\u2019accompagner nos clients sur des projets allant de la conception \u00e0 l\u2019animation &#038; r\u00e9alisation, nous collaborons avec des marques de tous horizons  .<\/p>\n<p>\t\t\t<a href=\"https:\/\/samir-eliouj.com\/tarif-infographiste-3d-freelance\/\" role=\"button\"><br \/>\n\t\t\t\t\t\tDites nous quelque chose<br \/>\n\t\t\t\t\t<\/a><br \/>\n\t\t<iframe loading=\"lazy\" src=\"https:\/\/player.vimeo.com\/video\/232349084?app_id=122963\" width=\"705\" height=\"397\" frameborder=\"0\" title=\"Agadir International Training Center\" webkitallowfullscreen mozallowfullscreen allowfullscreen><\/iframe>\t\t<\/p>\n<h3><a href=\"https:\/\/samir-eliouj.com\/contact\/\">Restez \u00e0 l&#8217;\u00e9coute et recevez les mises \u00e0 jour<\/a><\/h3>\n<p>\t\t\t<iframe frameborder=\"0\" scrolling=\"no\" marginheight=\"0\" marginwidth=\"0\" src=\"https:\/\/maps.google.com\/maps?q=Gueliz%2C%20Marrakech%2C%20Maroc&amp;t=m&amp;z=10&amp;output=embed&amp;iwloc=near\" aria-label=\"Gueliz, Marrakech, Maroc\"><\/iframe>\t\t<\/p>\n<h3>Animation 3D<\/h3>\n<p>La perspective 3D ne suffit pas toujours pour expliquer clairement votre projet ou pour le rendre remarquable\u2026<br \/>\nUne animation 3D est mieux adapt\u00e9 et vous aident \u00e0 vendre rapidement.<\/p>\n<p>\t\t\t\t\t\t\t\t\t\t\t<a href=\"https:\/\/vimeo.com\/126778215\" data-elementor-open-lightbox=\"\"><br \/>\n\t\t\t\t\t\t\t<img loading=\"lazy\" decoding=\"async\" width=\"705\" height=\"358\" src=\"http:\/\/samir-eliouj.com\/wp-content\/uploads\/CCBLG-3D-animation-CoverPage24-768x390.jpg\" alt=\"\" srcset=\"http:\/\/samir-eliouj.com\/wp-content\/uploads\/CCBLG-3D-animation-CoverPage24-768x390.jpg 768w, http:\/\/samir-eliouj.com\/wp-content\/uploads\/CCBLG-3D-animation-CoverPage24-300x152.jpg 300w, http:\/\/samir-eliouj.com\/wp-content\/uploads\/CCBLG-3D-animation-CoverPage24-1024x520.jpg 1024w, http:\/\/samir-eliouj.com\/wp-content\/uploads\/CCBLG-3D-animation-CoverPage24.jpg 1407w\" sizes=\"auto, (max-width: 705px) 100vw, 705px\" \/>\t\t\t\t\t\t\t\t<\/a><br \/>\n\t\t\t\t\t\t\t\t\t\t<img loading=\"lazy\" decoding=\"async\" width=\"705\" height=\"467\" src=\"http:\/\/samir-eliouj.com\/wp-content\/uploads\/Entr\u00e9e-villa-Rabat-House-002-IMG03-1-768x509.jpg\" alt=\"\" srcset=\"http:\/\/samir-eliouj.com\/wp-content\/uploads\/Entr\u00e9e-villa-Rabat-House-002-IMG03-1-768x509.jpg 768w, http:\/\/samir-eliouj.com\/wp-content\/uploads\/Entr\u00e9e-villa-Rabat-House-002-IMG03-1-300x199.jpg 300w, http:\/\/samir-eliouj.com\/wp-content\/uploads\/Entr\u00e9e-villa-Rabat-House-002-IMG03-1.jpg 1000w\" sizes=\"auto, (max-width: 705px) 100vw, 705px\" \/>\t\t\t\t\t\t\t\t\t\t\t<\/p>\n<h3>Image de Synth\u00e8se<\/h3>\n<p>\t\tILLUSTRATIONS 3D, IMMOBILIER &#038; ARCHITECTURE<\/p>\n<p>Les perspectives 3D de vos programmes neufs sont d\u00e9cisives pour la compr\u00e9hension et la commercialisation de vos projets immobiliers.<\/p>\n<h3>Nos Services<\/h3>\n<ul>\n<li >\n\t\t\t\t\t\t\t\t\t\tPerspective ext\u00e9rieure\n\t\t\t\t\t\t\t\t\t<\/li>\n<li >\n\t\t\t\t\t\t\t\t\t\tCommunication 3D pour l\u2019industrie\n\t\t\t\t\t\t\t\t\t<\/li>\n<li >\n\t\t\t\t\t\t\t\t\t\tVisite virtuelle\n\t\t\t\t\t\t\t\t\t<\/li>\n<li >\n\t\t\t\t\t\t\t\t\t\tVideo 360\u00b0\n\t\t\t\t\t\t\t\t\t<\/li>\n<li >\n\t\t\t\t\t\t\t\t\t\tPerspective int\u00e9rieure\n\t\t\t\t\t\t\t\t\t<\/li>\n<li >\n\t\t\t\t\t\t\t\t\t\tPlan de masse 3D\/2D\n\t\t\t\t\t\t\t\t\t<\/li>\n<li >\n\t\t\t\t\t\t\t\t\t\tPlan vente 3D\/2D\n\t\t\t\t\t\t\t\t\t<\/li>\n<\/ul>\n<p>\t\t\t\t\t\t\t\t\t\t<img loading=\"lazy\" decoding=\"async\" width=\"650\" height=\"554\" src=\"http:\/\/samir-eliouj.com\/wp-content\/uploads\/Yasmine-Signature-render-V2-3d-Samir-eliouj-Architecture-decoration-1.jpg\" alt=\"\" srcset=\"http:\/\/samir-eliouj.com\/wp-content\/uploads\/Yasmine-Signature-render-V2-3d-Samir-eliouj-Architecture-decoration-1.jpg 650w, http:\/\/samir-eliouj.com\/wp-content\/uploads\/Yasmine-Signature-render-V2-3d-Samir-eliouj-Architecture-decoration-1-300x256.jpg 300w\" sizes=\"auto, (max-width: 650px) 100vw, 650px\" \/>\t\t\t\t\t\t\t\t\t\t\t<\/p>\n<h2><a href=\"https:\/\/samir-eliouj.com\/contact\/\">COLLABOREZ AVEC NOUS<\/a><\/h2>\n<p>\t\tQue vous soyez au Maroc, en Europe ou partout dans le monde, notre point fort est l\u2019interactivit\u00e9 et la r\u00e9activit\u00e9. Nous seront heureux de vous compter parmis nos collaborateurs, et recevez votre premi\u00e8re vue gratuite!!<br \/>\n\t\t\t<a href=\"https:\/\/samir-eliouj.com\/tarif-infographiste-3d-freelance\/\" role=\"button\"><br \/>\n\t\t\t\t\t\tRendu 3D Gratuit<br \/>\n\t\t\t\t\t<\/a><br \/>\n\t\t\t\t\t\t\t\t\t\t<img loading=\"lazy\" decoding=\"async\" width=\"705\" height=\"499\" src=\"http:\/\/samir-eliouj.com\/wp-content\/uploads\/Salle-a-manger-768x544.jpg\" alt=\"animation-3D-architecture-3D-perspective-3D-cafeteria-air-de-formation, fabricant de mobiliers, fauteuil, mobillier\" srcset=\"http:\/\/samir-eliouj.com\/wp-content\/uploads\/Salle-a-manger-768x544.jpg 768w, http:\/\/samir-eliouj.com\/wp-content\/uploads\/Salle-a-manger-300x213.jpg 300w, http:\/\/samir-eliouj.com\/wp-content\/uploads\/Salle-a-manger.jpg 900w\" sizes=\"auto, (max-width: 705px) 100vw, 705px\" \/>\t\t\t\t\t\t\t\t\t\t\t<\/p>\n<h3>Design De Mobiliers &#038; Fauteuils<\/h3>\n<p>\t\tL\u2019illustration d\u2019image 3D de vos collections de mobiliers chaises, fauteuils en toute simplicit\u00e9 et r\u00e9activit\u00e9 est votre ultime support de vente interactive.\t\t<\/p>\n<h3>Venez nous rencontrer de pr\u00e8s<\/h3>\n<p>Every\u00a0one of our team members is devoted to delivering\u00a0the finest possible designs.<\/p>\n<p>Samir-eliouj.com est devenus une r\u00e9f\u00e9rence d\u2019imagerie 3D dans le d\u2019architecture et la d\u00e9coration d\u2019espace bien reconnus par nos clients au Maroc et en France, fondu en 2011, notre entreprise est devenus une marque et une source d&#8217;inspiration sur tous les aspects de la visualisation architecturale 3D. Notre approche repose essentiellement sur l\u2019\u00e9coute et l\u2019\u00e9change. Si nous sommes toujours force de propositions.<\/p>\n<figure><a href=\"https:\/\/samir-eliouj.com\/contact\/\"><img loading=\"lazy\" decoding=\"async\" width=\"250\" height=\"250\" src=\"http:\/\/samir-eliouj.com\/wp-content\/uploads\/Photo-Profile-samir-eliouj.png\" alt=\"\" srcset=\"http:\/\/samir-eliouj.com\/wp-content\/uploads\/Photo-Profile-samir-eliouj.png 250w, http:\/\/samir-eliouj.com\/wp-content\/uploads\/Photo-Profile-samir-eliouj-150x150.png 150w\" sizes=\"auto, (max-width: 250px) 100vw, 250px\" \/><\/a><\/figure>\n<h3><a href=\"https:\/\/samir-eliouj.com\/contact\/\">Samir Eliouj<\/a><\/h3>\n<p>Directeur Artistique 3D<\/p>\n<h2><a href=\"https:\/\/samir-eliouj.com\/contact\/\">Connectez Avec Nous Pour Une Consultation Gratuite<\/a><\/h2>\n<p>\t\tLorsque vous nous connectez pour l&#8217;une de nos solutions de projet, samir-eliouj.com, vous pouvez cr\u00e9er votre style personnel, un suivi de 24 heures sur 24 du processus, Offrez vous une meilleure pr\u00e9sentation avec nos solution de perspective et animation 3D.<br \/>\n\t\t\t<a href=\"https:\/\/samir-eliouj.com\/tarif-infographiste-3d-freelance\/\" role=\"button\"><br \/>\n\t\t\t\t\t\tCommuniquez nous votre projet<br \/>\n\t\t\t\t\t<\/a><\/p>\n","protected":false},"excerpt":{"rendered":"<p>A Propos de Nous Nous sommes un groupe passionn\u00e9s d&#8217;image 3D, de l&#8217;architecture et de la d\u00e9coration, nous r\u00e9alisons des images de synth\u00e8se architecturales, &hellip; <a href=\"https:\/\/samir-eliouj.com\/?page_id=2\" class=\"readmore\">More <span class=\"screen-reader-text\">A Propos<\/span> &raquo;<\/a><\/p>\n","protected":false},"author":1,"featured_media":0,"parent":0,"menu_order":1,"comment_status":"closed","ping_status":"closed","template":"template-fullwidth.php","meta":{"footnotes":""},"class_list":["post-2","page","type-page","status-publish","hentry"],"_links":{"self":[{"href":"https:\/\/samir-eliouj.com\/index.php?rest_route=\/wp\/v2\/pages\/2","targetHints":{"allow":["GET"]}}],"collection":[{"href":"https:\/\/samir-eliouj.com\/index.php?rest_route=\/wp\/v2\/pages"}],"about":[{"href":"https:\/\/samir-eliouj.com\/index.php?rest_route=\/wp\/v2\/types\/page"}],"author":[{"embeddable":true,"href":"https:\/\/samir-eliouj.com\/index.php?rest_route=\/wp\/v2\/users\/1"}],"replies":[{"embeddable":true,"href":"https:\/\/samir-eliouj.com\/index.php?rest_route=%2Fwp%2Fv2%2Fcomments&post=2"}],"version-history":[{"count":51,"href":"https:\/\/samir-eliouj.com\/index.php?rest_route=\/wp\/v2\/pages\/2\/revisions"}],"predecessor-version":[{"id":4339,"href":"https:\/\/samir-eliouj.com\/index.php?rest_route=\/wp\/v2\/pages\/2\/revisions\/4339"}],"wp:attachment":[{"href":"https:\/\/samir-eliouj.com\/index.php?rest_route=%2Fwp%2Fv2%2Fmedia&parent=2"}],"curies":[{"name":"wp","href":"https:\/\/api.w.org\/{rel}","templated":true}]}}