{"id":3489,"date":"2017-12-08T16:30:11","date_gmt":"2017-12-08T15:30:11","guid":{"rendered":"https:\/\/samir-eliouj.com\/?page_id=3489"},"modified":"2018-04-22T13:49:26","modified_gmt":"2018-04-22T12:49:26","slug":"a-propos-de-samir-eliouj-infographiste-3d-maroc","status":"publish","type":"page","link":"https:\/\/samir-eliouj.com\/?page_id=3489","title":{"rendered":"A propos de samir eliouj infographiste 3d maroc"},"content":{"rendered":"<p>&nbsp;<\/p>\n<h1>A propos de moi<\/h1>\n<p>Passionn\u00e9 par le domaine d\u2019architecture, de la d\u00e9coration et les nouvelles technologies, le design d\u2019int\u00e9rieur a attir\u00e9 toute mon attention!<\/p>\n<p>Avec plus de 6 ans d&#8217;experiance au domaine de cr\u00e9ation des images de synth\u00e8ses 3D architecturale et films d&#8217;animations, j&#8217;ai cr\u00e9e le Groupe 3D samir-eliouj.com\u00a0avec la conviction qu&#8217;elle pourrait apporter une v\u00e9ritable innovation dans le march\u00e9 de l&#8217;immobilier.<\/p>\n<p><img loading=\"lazy\" decoding=\"async\" src=\"http:\/\/samir-eliouj.com\/wp-content\/uploads\/Photo-Profile-samir-eliouj02-219x300.png\" sizes=\"auto, (max-width: 219px) 100vw, 219px\" srcset=\"http:\/\/samir-eliouj.com\/wp-content\/uploads\/Photo-Profile-samir-eliouj02-219x300.png 219w, http:\/\/samir-eliouj.com\/wp-content\/uploads\/Photo-Profile-samir-eliouj02.png 234w\" alt=\"\" width=\"219\" height=\"300\" \/><\/p>\n<h2>Mon histoire<\/h2>\n<p>N\u00e9e \u00e0 Marrakech, d\u00e8s le d\u00e9part\u00a0Samir Eliouj \u00e9tait destin\u00e9e \u00e0 composer avec diff\u00e9rentes influences. Dipl\u00f4m\u00e9e des\u00a0Arts Appliqu\u00e9es\u00a0de Hassan II,\u00a0il se sp\u00e9cialise dans le graphisme et dans le conseil en design. Tr\u00e8s vite,\u00a0il travaille pour de nombreuses\u00a0agences et\u00a0architectes au Maroc, comme \u00e0 l\u2019\u00e9tranger. Suivront alors\u00a06\u00a0ans de collaboration sur des\u00a0projets prestigieux comme la\u00a0r\u00e9alisation du film d&#8217;animation <a href=\"https:\/\/samir-eliouj.com\/portfolio\/animation-3d-centre-de-formation-petroliere-dagadir\/\">Agadir Training center<\/a>\u00a0ainsi que du <a href=\"https:\/\/samir-eliouj.com\/portfolio\/animaton-3d-centre-culturel-islamique-belgique\/\">Centre Islamique De Belgique<\/a>. Fort de ce succ\u00e8s, il sait parfaitement mettre \u00e0 profit la cr\u00e9ativit\u00e9, le savoir-faire et la m\u00e9trise des d\u00e9rni\u00e9res technologies comme la R\u00e9alit\u00e9e augment\u00e9e l&#8217;animation 3D et le Rendu 360\u00b0.<\/p>\n<h3><a href=\"https:\/\/samir-eliouj.com\/portfolio\/entree-villa-rabat-house-002\/\">Entr\u00e9e villa Rabat House<\/a><\/h3>\n<h3><a href=\"https:\/\/samir-eliouj.com\/portfolio\/animation-3d-centre-de-formation-petroliere-dagadir\/\">Centre de Formation P\u00e9troli\u00e8re d\u2019Agadir<\/a><\/h3>\n<h3><a href=\"https:\/\/samir-eliouj.com\/portfolio\/animation-3d-commercial-center-addis-ababa\/\">Centre Commercial Addis ababa<\/a><\/h3>\n<h3>Avez Vous un Projet 3D<\/h3>\n<p>Que vous soyez Architecte, ind\u00e9pendant, promoteur immobilier,\u00a0profiter de la puissance de l&#8217;innovation \u00e0 des prix abordables, nous livrons les outils parfaits pour votre marketing immobilier<\/p>\n<p><a href=\"https:\/\/samir-eliouj.com\/tarif-infographiste-3d-freelance\/\"><br \/>\nSi vous avez la moindre question, n&#8217;h\u00e9sitez surtout pas \u00e0 nous demander.<br \/>\n<\/a><br \/>\n<img loading=\"lazy\" decoding=\"async\" src=\"http:\/\/samir-eliouj.com\/wp-content\/uploads\/Cuisine-Lilou-V5-300-dpi-60par40cm-1.jpg\" sizes=\"auto, (max-width: 705px) 100vw, 705px\" srcset=\"http:\/\/samir-eliouj.com\/wp-content\/uploads\/Cuisine-Lilou-V5-300-dpi-60par40cm-1.jpg 800w, http:\/\/samir-eliouj.com\/wp-content\/uploads\/Cuisine-Lilou-V5-300-dpi-60par40cm-1-300x215.jpg 300w, http:\/\/samir-eliouj.com\/wp-content\/uploads\/Cuisine-Lilou-V5-300-dpi-60par40cm-1-768x550.jpg 768w\" alt=\"\" width=\"705\" height=\"505\" \/><\/p>\n","protected":false},"excerpt":{"rendered":"<p>&nbsp; A propos de moi Passionn\u00e9 par le domaine d\u2019architecture, de la d\u00e9coration et les nouvelles technologies, le design d\u2019int\u00e9rieur a attir\u00e9 toute mon &hellip; <a href=\"https:\/\/samir-eliouj.com\/?page_id=3489\" class=\"readmore\">More <span class=\"screen-reader-text\">A propos de samir eliouj infographiste 3d maroc<\/span> &raquo;<\/a><\/p>\n","protected":false},"author":1,"featured_media":0,"parent":0,"menu_order":0,"comment_status":"closed","ping_status":"closed","template":"template-fullwidth.php","meta":{"footnotes":""},"class_list":["post-3489","page","type-page","status-publish","hentry"],"_links":{"self":[{"href":"https:\/\/samir-eliouj.com\/index.php?rest_route=\/wp\/v2\/pages\/3489","targetHints":{"allow":["GET"]}}],"collection":[{"href":"https:\/\/samir-eliouj.com\/index.php?rest_route=\/wp\/v2\/pages"}],"about":[{"href":"https:\/\/samir-eliouj.com\/index.php?rest_route=\/wp\/v2\/types\/page"}],"author":[{"embeddable":true,"href":"https:\/\/samir-eliouj.com\/index.php?rest_route=\/wp\/v2\/users\/1"}],"replies":[{"embeddable":true,"href":"https:\/\/samir-eliouj.com\/index.php?rest_route=%2Fwp%2Fv2%2Fcomments&post=3489"}],"version-history":[{"count":8,"href":"https:\/\/samir-eliouj.com\/index.php?rest_route=\/wp\/v2\/pages\/3489\/revisions"}],"predecessor-version":[{"id":4356,"href":"https:\/\/samir-eliouj.com\/index.php?rest_route=\/wp\/v2\/pages\/3489\/revisions\/4356"}],"wp:attachment":[{"href":"https:\/\/samir-eliouj.com\/index.php?rest_route=%2Fwp%2Fv2%2Fmedia&parent=3489"}],"curies":[{"name":"wp","href":"https:\/\/api.w.org\/{rel}","templated":true}]}}