{"id":3521,"date":"2017-12-13T17:33:41","date_gmt":"2017-12-13T16:33:41","guid":{"rendered":"https:\/\/samir-eliouj.com\/?page_id=3521"},"modified":"2018-04-24T01:20:20","modified_gmt":"2018-04-24T00:20:20","slug":"plan-de-masse-2d","status":"publish","type":"page","link":"https:\/\/samir-eliouj.com\/?page_id=3521","title":{"rendered":"Plan de masse 2D"},"content":{"rendered":"<section class=\"wpb-content-wrapper\"><p>[vc_row full_width=&#8221;stretch_row&#8221; css=&#8221;.vc_custom_1519035826676{padding-top: 150px !important;padding-bottom: 150px !important;background-image: url(http:\/\/samir-eliouj.com\/wp-content\/uploads\/Plan-de-masse-2D-Header-page.jpg?id=3904) !important;background-position: center !important;background-repeat: no-repeat !important;background-size: cover !important;}&#8221;][vc_column][\/vc_column][\/vc_row][vc_row full_width=&#8221;stretch_row&#8221; content_placement=&#8221;top&#8221; css=&#8221;.vc_custom_1478009043909{padding-top: 100px !important;padding-bottom: 100px !important;background-color: #282828 !important;}&#8221;][vc_column width=&#8221;1\/2&#8243;][vc_custom_heading text=&#8221;PLAN DE MASSE 2D&#8221; font_container=&#8221;tag:h1|font_size:60|text_align:right|color:%23ffffff&#8221; use_theme_fonts=&#8221;yes&#8221; css=&#8221;.vc_custom_1519035840014{margin-top: 0px !important;}&#8221;][\/vc_column][vc_column width=&#8221;1\/2&#8243;][vc_column_text]<\/p>\n<div class=\"wpb_text_column wpb_content_element \">\n<div class=\"wpb_wrapper\">\n<p><span style=\"color: #ffffff;\">Un plan 2D ou bien plan de masse 2D,\u00a0sert \u00e0 faire comprendre son environnement proche et de visualiser l\u2019implantation du projet au sein du b\u00e2ti existant.<\/span><\/p>\n<h2><span style=\"color: #ffffff;\"><strong>plan de vente au service de\u00a0l&#8217;agence immobili\u00e8re<\/strong><\/span><\/h2>\n<p><span style=\"color: #ffffff;\">Il est souvent tr\u00e8s difficile pour un client sans grandes connaissances techniques de se d\u00e9cider pour acheter une maison ou un appartement uniquement sur plans.<\/span><\/p>\n<p><span style=\"color: #ffffff;\">Vendre un\u00a0<strong>bien immobilier<\/strong>\u00a0vide, qui n\u00e9cessite des travaux o\u00f9 \u00e0 prix \u00e9lev\u00e9 peut parfois para\u00eetre compliqu\u00e9\u00a0vue \u00e0 la concurrence, il est donc l&#8217;outil indispensable pour le promoteur immobilier.<\/span><\/p>\n<\/div>\n<\/div>\n<p>[\/vc_column_text][vc_btn title=&#8221;Demander un Devis&#8221; color=&#8221;vista-blue&#8221; link=&#8221;url:https%3A%2F%2Fsamir-eliouj.com%2Ftarif-infographiste-3d-freelance%2F|||&#8221;][\/vc_column][\/vc_row][vc_row][vc_column][vc_custom_heading text=&#8221;QUELQUES DE NOS Rendu Plan de masse 2D&#8221; font_container=&#8221;tag:h2|text_align:center&#8221; google_fonts=&#8221;font_family:ABeeZee%3Aregular%2Citalic|font_style:400%20regular%3A400%3Anormal&#8221;][vc_masonry_media_grid style=&#8221;load-more&#8221; btn_color=&#8221;default&#8221; grid_id=&#8221;vc_gid:1523877862784-928561c8-5cfd-7&#8243; include=&#8221;3622,3554,3555,3549,3906,3808,3589&#8243;][\/vc_column][\/vc_row][vc_row full_width=&#8221;stretch_row&#8221; css=&#8221;.vc_custom_1513236016945{background-color: #f9f9f9 !important;}&#8221;][vc_column][vc_custom_heading text=&#8221;COMMENT \u00c7A FONCTIONNE&#8221; font_container=&#8221;tag:h1|font_size:30|text_align:center|color:%2306bcd1&#8243; use_theme_fonts=&#8221;yes&#8221;][vc_column_text]<\/p>\n<div class=\"Section__subtitle\" style=\"text-align: center;\">\n<div class=\"Section__subtitle\">Votre processus de la commande du plan de masse 2D\u00a0\u00e0 la livraison n&#8217;a jamais \u00e9t\u00e9 aussi simple&#8230;.<\/div>\n<\/div>\n<p>[\/vc_column_text][\/vc_column][\/vc_row][vc_row full_width=&#8221;stretch_row&#8221; css=&#8221;.vc_custom_1513236016945{background-color: #f9f9f9 !important;}&#8221;][vc_column width=&#8221;1\/3&#8243;][\/vc_column][vc_column width=&#8221;1\/3&#8243;][vc_column_text]<\/p>\n<ol>\n<li><span style=\"color: #808080;\">T\u00e9l\u00e9chargement des plans DWG envoy\u00e9<\/span><\/li>\n<li><span style=\"color: #808080;\">Cr\u00e9ation de Mod\u00e9lisation 3D \u00e0 partir d\u2019un plan DWG<\/span><\/li>\n<li><span style=\"color: #808080;\">Reproduction des mat\u00e9riaux<\/span><\/li>\n<li><span style=\"color: #808080;\">Int\u00e9gration des mod\u00e8les 3D\u00a0et meubles sur le plan<\/span><\/li>\n<li><span style=\"color: #808080;\">Ajouter de la v\u00e9g\u00e9tation et de v\u00e9hicules selon le plan<\/span><\/li>\n<li><span style=\"color: #808080;\">\u00c9clairage et rendu 3D<\/span><\/li>\n<li><span style=\"color: #808080;\">Retouche\u00a0photo\u00a0du rendu 3D final<\/span><\/li>\n<li><span style=\"color: #808080;\">Livraison finale du\u00a0plan de masse\u00a03D au format TIFF<\/span><\/li>\n<\/ol>\n<p>[\/vc_column_text][\/vc_column][vc_column width=&#8221;1\/3&#8243;][\/vc_column][\/vc_row][vc_row full_width=&#8221;stretch_row&#8221; content_placement=&#8221;middle&#8221; css=&#8221;.vc_custom_1476105600549{padding-top: 25px !important;padding-bottom: 25px !important;background-color: #0088cc !important;}&#8221;][vc_column width=&#8221;1\/4&#8243;][vc_icon type=&#8221;material&#8221; icon_material=&#8221;vc-material vc-material-school&#8221; color=&#8221;white&#8221; size=&#8221;lg&#8221; align=&#8221;center&#8221;][\/vc_column][vc_column width=&#8221;2\/4&#8243;][vc_custom_heading text=&#8221;Commandez maintenant un Plan de masse 2D&#8221; font_container=&#8221;tag:h2|text_align:left|color:%23ffffff|line_height:1&#8243; use_theme_fonts=&#8221;yes&#8221;][vc_column_text]<span style=\"color: #ffffff;\">Demandez nous un devis gratuit pour la r\u00e9alisation de votre plan de vente 2D, et\u00a0on vous r\u00e9pond dans les 24 heures qui suivent \ud83d\ude42<\/span>[\/vc_column_text][\/vc_column][vc_column width=&#8221;1\/4&#8243;][vc_btn title=&#8221;Obtenir un devis gratuit&#8221; style=&#8221;outline&#8221; color=&#8221;white&#8221; align=&#8221;center&#8221; link=&#8221;url:https%3A%2F%2Fsamir-eliouj.com%2Ftarif-infographiste-3d-freelance%2F|||&#8221;][\/vc_column][\/vc_row][vc_row full_width=&#8221;stretch_row&#8221; css=&#8221;.vc_custom_1518805691010{background-color: #f4f4f4 !important;background-position: center !important;background-repeat: no-repeat !important;background-size: cover !important;}&#8221;][vc_column][vc_custom_heading text=&#8221;CONTACTEZ NOUS&#8221; font_container=&#8221;tag:h2|text_align:center|color:%230aa1b2&#8243; google_fonts=&#8221;font_family:ABeeZee%3Aregular%2Citalic|font_style:400%20regular%3A400%3Anormal&#8221;]\n<div class=\"wpcf7 no-js\" id=\"wpcf7-f1798-o1\" lang=\"fr-FR\" dir=\"ltr\">\n<div class=\"screen-reader-response\"><p role=\"status\" aria-live=\"polite\" aria-atomic=\"true\"><\/p> <ul><\/ul><\/div>\n<form action=\"\/index.php?rest_route=%2Fwp%2Fv2%2Fpages%2F3521#wpcf7-f1798-o1\" method=\"post\" class=\"wpcf7-form init\" aria-label=\"Formulaire de contact\" novalidate=\"novalidate\" data-status=\"init\">\n<div style=\"display: none;\">\n<input type=\"hidden\" name=\"_wpcf7\" value=\"1798\" \/>\n<input type=\"hidden\" name=\"_wpcf7_version\" value=\"5.7.7\" \/>\n<input type=\"hidden\" name=\"_wpcf7_locale\" value=\"fr_FR\" \/>\n<input type=\"hidden\" name=\"_wpcf7_unit_tag\" value=\"wpcf7-f1798-o1\" \/>\n<input type=\"hidden\" name=\"_wpcf7_container_post\" value=\"0\" \/>\n<input type=\"hidden\" name=\"_wpcf7_posted_data_hash\" value=\"\" \/>\n<\/div>\n<p><label> Nom<br \/>\n<span class=\"wpcf7-form-control-wrap\" data-name=\"your-name\"><input size=\"40\" class=\"wpcf7-form-control wpcf7-text wpcf7-validates-as-required\" aria-required=\"true\" aria-invalid=\"false\" value=\"\" type=\"text\" name=\"your-name\" \/><\/span> <\/label>\n<\/p>\n<p><label> Choisir Vos produits<\/label>\n<\/p>\n<p><span class=\"wpcf7-form-control-wrap\" data-name=\"Choisirlesproduits\"><span class=\"wpcf7-form-control wpcf7-checkbox wpcf7-validates-as-required\"><span class=\"wpcf7-list-item first\"><label><span class=\"wpcf7-list-item-label\">Image 3D Int\u00e9rieur<\/span><input type=\"checkbox\" name=\"Choisirlesproduits[]\" value=\"Image 3D Int\u00e9rieur\" \/><\/label><\/span><span class=\"wpcf7-list-item\"><label><span class=\"wpcf7-list-item-label\">Image 3D Ext\u00e9rieur<\/span><input type=\"checkbox\" name=\"Choisirlesproduits[]\" value=\"Image 3D Ext\u00e9rieur\" \/><\/label><\/span><span class=\"wpcf7-list-item\"><label><span class=\"wpcf7-list-item-label\">Animation 3D<\/span><input type=\"checkbox\" name=\"Choisirlesproduits[]\" value=\"Animation 3D\" \/><\/label><\/span><span class=\"wpcf7-list-item\"><label><span class=\"wpcf7-list-item-label\">3D 360\u00b0<\/span><input type=\"checkbox\" name=\"Choisirlesproduits[]\" value=\"3D 360\u00b0\" \/><\/label><\/span><span class=\"wpcf7-list-item last\"><label><span class=\"wpcf7-list-item-label\">Temps R\u00e9el<\/span><input type=\"checkbox\" name=\"Choisirlesproduits[]\" value=\"Temps R\u00e9el\" \/><\/label><\/span><\/span><\/span>\n<\/p>\n<p><label> Votre e-mail (obligatoire)<br \/>\n<span class=\"wpcf7-form-control-wrap\" data-name=\"your-email\"><input size=\"40\" class=\"wpcf7-form-control wpcf7-text wpcf7-email wpcf7-validates-as-required wpcf7-validates-as-email\" aria-required=\"true\" aria-invalid=\"false\" value=\"\" type=\"email\" name=\"your-email\" \/><\/span> <\/label>\n<\/p>\n<p><label> Sujet<br \/>\n<span class=\"wpcf7-form-control-wrap\" data-name=\"your-subject\"><input size=\"40\" class=\"wpcf7-form-control wpcf7-text\" aria-invalid=\"false\" value=\"\" type=\"text\" name=\"your-subject\" \/><\/span> <\/label>\n<\/p>\n<p><label> Votre message<br \/>\n<span class=\"wpcf7-form-control-wrap\" data-name=\"your-message\"><textarea cols=\"40\" rows=\"10\" class=\"wpcf7-form-control wpcf7-textarea\" aria-invalid=\"false\" name=\"your-message\"><\/textarea><\/span> <\/label>\n<\/p>\n<p><input class=\"wpcf7-form-control has-spinner wpcf7-submit\" type=\"submit\" value=\"Envoyer\" \/>\n<\/p><div class=\"wpcf7-response-output\" aria-hidden=\"true\"><\/div>\n<\/form>\n<\/div>\n[\/vc_column][\/vc_row][vc_row][vc_column][vc_custom_heading text=&#8221;NOS 3D Services Recommand\u00e9s &#8221; font_container=&#8221;tag:h2|text_align:center|color:%2337b8c5&#8243; google_fonts=&#8221;font_family:ABeeZee%3Aregular%2Citalic|font_style:400%20regular%3A400%3Anormal&#8221;][\/vc_column][\/vc_row][vc_row full_width=&#8221;stretch_row&#8221; gap=&#8221;20&#8243; equal_height=&#8221;yes&#8221; css=&#8221;.vc_custom_1518784076407{padding-top: 15px !important;padding-bottom: 15px !important;}&#8221;][vc_column width=&#8221;1\/3&#8243; css=&#8221;.vc_custom_1482330005993{background-color: #ffffff !important;border-radius: 10px !important;}&#8221;][vc_single_image image=&#8221;3794&#8243; img_size=&#8221;413&#215;333&#8243; alignment=&#8221;center&#8221; style=&#8221;vc_box_rounded&#8221; onclick=&#8221;custom_link&#8221; css=&#8221;.vc_custom_1523841815443{margin-top: -35px !important;margin-right: -15px !important;margin-left: -15px !important;padding-top: 0px !important;padding-right: 0px !important;padding-left: 0px !important;}&#8221; link=&#8221;https:\/\/samir-eliouj.com\/perspective-exterieure-3d\/&#8221;][vc_custom_heading text=&#8221;Perspective Ext\u00e9rieure 3D&#8221; font_container=&#8221;tag:h2|text_align:center&#8221; google_fonts=&#8221;font_family:Montserrat%3Aregular%2C700|font_style:400%20regular%3A400%3Anormal&#8221; css=&#8221;.vc_custom_1523841944588{padding-right: 35px !important;padding-left: 35px !important;}&#8221;][vc_column_text css=&#8221;.vc_custom_1519043592134{padding-right: 35px !important;padding-left: 35px !important;}&#8221;]<\/p>\n<div class=\"wpb_text_column wpb_content_element \">\n<div class=\"wpb_wrapper\">\n<p style=\"text-align: center;\">Visualisez l\u2019espace ext\u00e9rieur d\u2019un bien futur et placez-le instantan\u00e9ment dans son environnement.<\/p>\n<\/div>\n<\/div>\n<p>[\/vc_column_text][vc_btn title=&#8221;En savoir plus&#8221; style=&#8221;flat&#8221; shape=&#8221;round&#8221; color=&#8221;vista-blue&#8221; align=&#8221;center&#8221; css=&#8221;.vc_custom_1523841824439{padding-bottom: 35px !important;}&#8221; link=&#8221;url:https%3A%2F%2Fsamir-eliouj.com%2Fperspective-exterieure-3d%2F|||&#8221;][\/vc_column][vc_column width=&#8221;1\/3&#8243; css=&#8221;.vc_custom_1482330181055{background-color: #ffffff !important;border-radius: 10px !important;}&#8221;][vc_single_image image=&#8221;3795&#8243; img_size=&#8221;413&#215;333&#8243; alignment=&#8221;center&#8221; style=&#8221;vc_box_rounded&#8221; onclick=&#8221;custom_link&#8221; css=&#8221;.vc_custom_1523841764161{margin-top: -35px !important;margin-right: -15px !important;margin-left: -15px !important;padding-top: 0px !important;padding-right: 0px !important;padding-left: 0px !important;}&#8221; link=&#8221;https:\/\/samir-eliouj.com\/perspective-interieure-3d\/&#8221;][vc_custom_heading text=&#8221;Perspective Int\u00e9rieure 3D&#8221; font_container=&#8221;tag:h2|text_align:center&#8221; google_fonts=&#8221;font_family:Montserrat%3Aregular%2C700|font_style:400%20regular%3A400%3Anormal&#8221; css=&#8221;.vc_custom_1523841969082{padding-right: 35px !important;padding-left: 35px !important;}&#8221;][vc_column_text css=&#8221;.vc_custom_1518792494103{padding-right: 35px !important;padding-left: 35px !important;}&#8221;]<\/p>\n<p style=\"text-align: center;\">Plongez votre audience dans l\u2019environnement futur. Concevez, personnalisez et exposez le design\u00a0de l\u2019espace s\u00e9lectionn\u00e9.<\/p>\n<p>[\/vc_column_text][vc_btn title=&#8221;En savoir plus&#8221; style=&#8221;flat&#8221; shape=&#8221;round&#8221; color=&#8221;vista-blue&#8221; align=&#8221;center&#8221; css=&#8221;.vc_custom_1523841774021{padding-bottom: 35px !important;}&#8221; link=&#8221;url:https%3A%2F%2Fsamir-eliouj.com%2Fperspective-interieure-3d%2F|||&#8221;][\/vc_column][vc_column width=&#8221;1\/3&#8243; css=&#8221;.vc_custom_1482330187692{background-color: #ffffff !important;border-radius: 10px !important;}&#8221;][vc_single_image image=&#8221;3806&#8243; img_size=&#8221;414&#215;333&#8243; alignment=&#8221;center&#8221; style=&#8221;vc_box_rounded&#8221; onclick=&#8221;custom_link&#8221; css=&#8221;.vc_custom_1519042358713{margin-top: -35px !important;margin-right: -15px !important;margin-left: -15px !important;padding-top: 0px !important;padding-right: 0px !important;padding-left: 0px !important;}&#8221; link=&#8221;https:\/\/samir-eliouj.com\/plan-de-masse-3d\/&#8221;][vc_custom_heading text=&#8221;Plan De Masse 3D&#8221; font_container=&#8221;tag:h2|text_align:center&#8221; google_fonts=&#8221;font_family:Montserrat%3Aregular%2C700|font_style:400%20regular%3A400%3Anormal&#8221; css=&#8221;.vc_custom_1518793934000{padding-right: 35px !important;padding-left: 35px !important;}&#8221;][vc_column_text css=&#8221;.vc_custom_1519043568100{padding-right: 35px !important;padding-left: 35px !important;}&#8221;]<\/p>\n<div class=\"wpb_text_column wpb_content_element \">\n<div class=\"wpb_wrapper\">\n<div class=\"wpb_text_column wpb_content_element \">\n<div class=\"wpb_wrapper\">\n<p style=\"text-align: center;\">Le plan de masse 3D est une illustration r\u00e9alis\u00e9e en image de synth\u00e8se \u00e0 partir de plan 2D type AutoCAD DWG.<\/p>\n<\/div>\n<\/div>\n<\/div>\n<\/div>\n<p>[\/vc_column_text][vc_btn title=&#8221;En savoir plus&#8221; style=&#8221;flat&#8221; shape=&#8221;round&#8221; color=&#8221;vista-blue&#8221; align=&#8221;center&#8221; css=&#8221;.vc_custom_1519042345953{padding-bottom: 35px !important;}&#8221; link=&#8221;url:https%3A%2F%2Fsamir-eliouj.com%2Fplan-de-masse-3d%2F|||&#8221;][\/vc_column][\/vc_row]<\/p>\n<\/section>","protected":false},"excerpt":{"rendered":"<p>[vc_row full_width=&#8221;stretch_row&#8221; css=&#8221;.vc_custom_1519035826676{padding-top: 150px !important;padding-bottom: 150px !important;background-image: url(http:\/\/samir-eliouj.com\/wp-content\/uploads\/Plan-de-masse-2D-Header-page.jpg?id=3904) !important;background-position: center !important;background-repeat: no-repeat !important;background-size: cover !important;}&#8221;][vc_column][\/vc_column][\/vc_row][vc_row full_width=&#8221;stretch_row&#8221; content_placement=&#8221;top&#8221; css=&#8221;.vc_custom_1478009043909{padding-top: 100px !important;padding-bottom: 100px !important;background-color: #282828 !important;}&#8221;][vc_column &hellip; <a href=\"https:\/\/samir-eliouj.com\/?page_id=3521\" class=\"readmore\">More <span class=\"screen-reader-text\">Plan de masse 2D<\/span> &raquo;<\/a><\/p>\n","protected":false},"author":1,"featured_media":0,"parent":0,"menu_order":0,"comment_status":"closed","ping_status":"closed","template":"template-fullwidth.php","meta":{"footnotes":""},"class_list":["post-3521","page","type-page","status-publish","hentry"],"_links":{"self":[{"href":"https:\/\/samir-eliouj.com\/index.php?rest_route=\/wp\/v2\/pages\/3521","targetHints":{"allow":["GET"]}}],"collection":[{"href":"https:\/\/samir-eliouj.com\/index.php?rest_route=\/wp\/v2\/pages"}],"about":[{"href":"https:\/\/samir-eliouj.com\/index.php?rest_route=\/wp\/v2\/types\/page"}],"author":[{"embeddable":true,"href":"https:\/\/samir-eliouj.com\/index.php?rest_route=\/wp\/v2\/users\/1"}],"replies":[{"embeddable":true,"href":"https:\/\/samir-eliouj.com\/index.php?rest_route=%2Fwp%2Fv2%2Fcomments&post=3521"}],"version-history":[{"count":44,"href":"https:\/\/samir-eliouj.com\/index.php?rest_route=\/wp\/v2\/pages\/3521\/revisions"}],"predecessor-version":[{"id":4249,"href":"https:\/\/samir-eliouj.com\/index.php?rest_route=\/wp\/v2\/pages\/3521\/revisions\/4249"}],"wp:attachment":[{"href":"https:\/\/samir-eliouj.com\/index.php?rest_route=%2Fwp%2Fv2%2Fmedia&parent=3521"}],"curies":[{"name":"wp","href":"https:\/\/api.w.org\/{rel}","templated":true}]}}