{"id":3751,"date":"2018-02-15T15:40:06","date_gmt":"2018-02-15T14:40:06","guid":{"rendered":"https:\/\/samir-eliouj.com\/?page_id=3751"},"modified":"2022-11-24T18:01:31","modified_gmt":"2022-11-24T17:01:31","slug":"visite-virtuelle-360-exterieur","status":"publish","type":"page","link":"https:\/\/samir-eliouj.com\/?page_id=3751","title":{"rendered":"Visite Virtuelle 360\u00b0 Ext\u00e9rieur"},"content":{"rendered":"<section class=\"wpb-content-wrapper\"><p>[vc_row full_width=&#8221;stretch_row&#8221; css=&#8221;.vc_custom_1518869064588{padding-top: 150px !important;padding-bottom: 150px !important;background-image: url(http:\/\/samir-eliouj.com\/wp-content\/uploads\/VISITE-VIRTUELLE-EXT\u00c9RIEURE-Header-page.jpg?id=3892) !important;background-position: center !important;background-repeat: no-repeat !important;background-size: cover !important;}&#8221;][vc_column][\/vc_column][\/vc_row][vc_row full_width=&#8221;stretch_row&#8221; content_placement=&#8221;top&#8221; css=&#8221;.vc_custom_1478009043909{padding-top: 100px !important;padding-bottom: 100px !important;background-color: #282828 !important;}&#8221;][vc_column width=&#8221;1\/2&#8243;][vc_custom_heading text=&#8221;Visite Virtuelle 360\u00b0 Ext\u00e9rieur&#8221; font_container=&#8221;tag:h1|font_size:60|text_align:right|color:%23ffffff&#8221; use_theme_fonts=&#8221;yes&#8221; css=&#8221;.vc_custom_1523842346778{margin-top: 0px !important;}&#8221;][\/vc_column][vc_column width=&#8221;1\/2&#8243;][vc_column_text]<\/p>\n<div class=\"wpb_text_column wpb_content_element \">\n<div class=\"wpb_wrapper\">\n<p><span style=\"color: #ffffff;\">La Visite Virtuelle 360\u00b0 Ext\u00e9rieur, Cette solution permettra \u00e0 vos clients de b\u00e9n\u00e9ficier d\u2019une exp\u00e9rience unique. De plus en plus populaire, la r\u00e9alit\u00e9 virtuelle se positionne comme la solution id\u00e9ale pour la valorisation d\u2019un environnement ext\u00e9rieur.\u00a0<\/span><\/p>\n<p><span style=\"color: #ffffff;\">LA VISITE VIRTUELLE EXT\u00c9RIEURE POUR LES ACTEURS DE L\u2019IMMOBILIER<\/span><br \/>\n<span style=\"color: #ffffff;\">Que vous soyez promoteur immobilier, responsable de la commercialisation d\u2019un programme ou encore architecte, consid\u00e9rez proposer une visite virtuelle ext\u00e9rieure \u00e0 vos clients, elle permettera\u00a0de se projeter instantan\u00e9ment et de d\u00e9couvrir l\u2019environnement ext\u00e9rieur de votre projet immobilier.<\/span><\/p>\n<\/div>\n<\/div>\n<p>[\/vc_column_text][\/vc_column][\/vc_row][vc_row][vc_column][vc_custom_heading text=&#8221;QUELQUES DE NOS Rendu Architectural&#8221; font_container=&#8221;tag:h2|text_align:center&#8221; google_fonts=&#8221;font_family:ABeeZee%3Aregular%2Citalic|font_style:400%20regular%3A400%3Anormal&#8221;][vc_masonry_media_grid style=&#8221;load-more&#8221; btn_color=&#8221;default&#8221; grid_id=&#8221;vc_gid:1669309249221-f9fa3fef-ec41-9&#8243; include=&#8221;3101,3102,3369,3104,3096,3082,3077,3069,3044,3051,3054,3019,3039,3026&#8243;][vc_empty_space][\/vc_column][\/vc_row][vc_row full_width=&#8221;stretch_row&#8221; css=&#8221;.vc_custom_1518805691010{background-color: #f4f4f4 !important;background-position: center !important;background-repeat: no-repeat !important;background-size: cover !important;}&#8221;][vc_column][vc_custom_heading text=&#8221;CONTACTEZ NOUS&#8221; font_container=&#8221;tag:h2|text_align:center|color:%230aa1b2&#8243; google_fonts=&#8221;font_family:ABeeZee%3Aregular%2Citalic|font_style:400%20regular%3A400%3Anormal&#8221;]\n<div class=\"wpcf7 no-js\" id=\"wpcf7-f1798-o1\" lang=\"fr-FR\" dir=\"ltr\">\n<div class=\"screen-reader-response\"><p role=\"status\" aria-live=\"polite\" aria-atomic=\"true\"><\/p> <ul><\/ul><\/div>\n<form action=\"\/index.php?rest_route=%2Fwp%2Fv2%2Fpages%2F3751#wpcf7-f1798-o1\" method=\"post\" class=\"wpcf7-form init\" aria-label=\"Formulaire de contact\" novalidate=\"novalidate\" data-status=\"init\">\n<div style=\"display: none;\">\n<input type=\"hidden\" name=\"_wpcf7\" value=\"1798\" \/>\n<input type=\"hidden\" name=\"_wpcf7_version\" value=\"5.7.7\" \/>\n<input type=\"hidden\" name=\"_wpcf7_locale\" value=\"fr_FR\" \/>\n<input type=\"hidden\" name=\"_wpcf7_unit_tag\" value=\"wpcf7-f1798-o1\" \/>\n<input type=\"hidden\" name=\"_wpcf7_container_post\" value=\"0\" \/>\n<input type=\"hidden\" name=\"_wpcf7_posted_data_hash\" value=\"\" \/>\n<\/div>\n<p><label> Nom<br \/>\n<span class=\"wpcf7-form-control-wrap\" data-name=\"your-name\"><input size=\"40\" class=\"wpcf7-form-control wpcf7-text wpcf7-validates-as-required\" aria-required=\"true\" aria-invalid=\"false\" value=\"\" type=\"text\" name=\"your-name\" \/><\/span> <\/label>\n<\/p>\n<p><label> Choisir Vos produits<\/label>\n<\/p>\n<p><span class=\"wpcf7-form-control-wrap\" data-name=\"Choisirlesproduits\"><span class=\"wpcf7-form-control wpcf7-checkbox wpcf7-validates-as-required\"><span class=\"wpcf7-list-item first\"><label><span class=\"wpcf7-list-item-label\">Image 3D Int\u00e9rieur<\/span><input type=\"checkbox\" name=\"Choisirlesproduits[]\" value=\"Image 3D Int\u00e9rieur\" \/><\/label><\/span><span class=\"wpcf7-list-item\"><label><span class=\"wpcf7-list-item-label\">Image 3D Ext\u00e9rieur<\/span><input type=\"checkbox\" name=\"Choisirlesproduits[]\" value=\"Image 3D Ext\u00e9rieur\" \/><\/label><\/span><span class=\"wpcf7-list-item\"><label><span class=\"wpcf7-list-item-label\">Animation 3D<\/span><input type=\"checkbox\" name=\"Choisirlesproduits[]\" value=\"Animation 3D\" \/><\/label><\/span><span class=\"wpcf7-list-item\"><label><span class=\"wpcf7-list-item-label\">3D 360\u00b0<\/span><input type=\"checkbox\" name=\"Choisirlesproduits[]\" value=\"3D 360\u00b0\" \/><\/label><\/span><span class=\"wpcf7-list-item last\"><label><span class=\"wpcf7-list-item-label\">Temps R\u00e9el<\/span><input type=\"checkbox\" name=\"Choisirlesproduits[]\" value=\"Temps R\u00e9el\" \/><\/label><\/span><\/span><\/span>\n<\/p>\n<p><label> Votre e-mail (obligatoire)<br \/>\n<span class=\"wpcf7-form-control-wrap\" data-name=\"your-email\"><input size=\"40\" class=\"wpcf7-form-control wpcf7-text wpcf7-email wpcf7-validates-as-required wpcf7-validates-as-email\" aria-required=\"true\" aria-invalid=\"false\" value=\"\" type=\"email\" name=\"your-email\" \/><\/span> <\/label>\n<\/p>\n<p><label> Sujet<br \/>\n<span class=\"wpcf7-form-control-wrap\" data-name=\"your-subject\"><input size=\"40\" class=\"wpcf7-form-control wpcf7-text\" aria-invalid=\"false\" value=\"\" type=\"text\" name=\"your-subject\" \/><\/span> <\/label>\n<\/p>\n<p><label> Votre message<br \/>\n<span class=\"wpcf7-form-control-wrap\" data-name=\"your-message\"><textarea cols=\"40\" rows=\"10\" class=\"wpcf7-form-control wpcf7-textarea\" aria-invalid=\"false\" name=\"your-message\"><\/textarea><\/span> <\/label>\n<\/p>\n<p><input class=\"wpcf7-form-control has-spinner wpcf7-submit\" type=\"submit\" value=\"Envoyer\" \/>\n<\/p><div class=\"wpcf7-response-output\" aria-hidden=\"true\"><\/div>\n<\/form>\n<\/div>\n[\/vc_column][\/vc_row][vc_row][vc_column][vc_custom_heading text=&#8221;NOS SERVICES 3D Recommand\u00e9s&#8221; font_container=&#8221;tag:h2|text_align:center|color:%2337b8c5&#8243; google_fonts=&#8221;font_family:ABeeZee%3Aregular%2Citalic|font_style:400%20regular%3A400%3Anormal&#8221;][\/vc_column][\/vc_row][vc_row full_width=&#8221;stretch_row&#8221; gap=&#8221;20&#8243; equal_height=&#8221;yes&#8221; css=&#8221;.vc_custom_1518784076407{padding-top: 15px !important;padding-bottom: 15px !important;}&#8221;][vc_column width=&#8221;1\/3&#8243; css=&#8221;.vc_custom_1482330005993{background-color: #ffffff !important;border-radius: 10px !important;}&#8221;][vc_single_image image=&#8221;3807&#8243; img_size=&#8221;413&#215;333&#8243; alignment=&#8221;center&#8221; style=&#8221;vc_box_rounded&#8221; onclick=&#8221;custom_link&#8221; css=&#8221;.vc_custom_1519042031145{margin-top: -35px !important;margin-right: -15px !important;margin-left: -15px !important;padding-top: 0px !important;padding-right: 0px !important;padding-left: 0px !important;}&#8221; link=&#8221;https:\/\/samir-eliouj.com\/animation-3d-architecture\/&#8221;][vc_custom_heading text=&#8221;Animation 3D&#8221; font_container=&#8221;tag:h2|text_align:center&#8221; google_fonts=&#8221;font_family:Montserrat%3Aregular%2C700|font_style:400%20regular%3A400%3Anormal&#8221; css=&#8221;.vc_custom_1518793876403{padding-right: 35px !important;padding-left: 35px !important;}&#8221;][vc_column_text css=&#8221;.vc_custom_1519043546277{padding-right: 35px !important;padding-left: 35px !important;}&#8221;]<\/p>\n<div class=\"wpb_text_column wpb_content_element \">\n<div class=\"wpb_wrapper\">\n<p style=\"text-align: center;\">Film d&#8217;animation 3D valorise vos produits et vos projets immobiliers, pr\u00e9sentation dynamique et originale.<\/p>\n<\/div>\n<\/div>\n<p>[\/vc_column_text][vc_btn title=&#8221;En savoir plus&#8221; style=&#8221;flat&#8221; shape=&#8221;round&#8221; color=&#8221;vista-blue&#8221; align=&#8221;center&#8221; css=&#8221;.vc_custom_1519042307875{padding-bottom: 35px !important;}&#8221; link=&#8221;url:https%3A%2F%2Fsamir-eliouj.com%2Fanimation-3d-architecture%2F|||&#8221;][\/vc_column][vc_column width=&#8221;1\/3&#8243; css=&#8221;.vc_custom_1482330181055{background-color: #ffffff !important;border-radius: 10px !important;}&#8221;][vc_single_image image=&#8221;3789&#8243; img_size=&#8221;full&#8221; alignment=&#8221;center&#8221; style=&#8221;vc_box_rounded&#8221; onclick=&#8221;custom_link&#8221; css=&#8221;.vc_custom_1519043169174{margin-top: -35px !important;margin-right: -15px !important;margin-left: -15px !important;padding-top: 0px !important;padding-right: 0px !important;padding-left: 0px !important;}&#8221; link=&#8221;https:\/\/samir-eliouj.com\/visite-virtuelle\/&#8221;][vc_custom_heading text=&#8221;Visite Virtuelle 360\u00b0 Int\u00e9rieur&#8221; font_container=&#8221;tag:h2|text_align:center&#8221; google_fonts=&#8221;font_family:Montserrat%3Aregular%2C700|font_style:400%20regular%3A400%3Anormal&#8221; css=&#8221;.vc_custom_1523838702472{padding-right: 35px !important;padding-left: 35px !important;}&#8221;][vc_column_text css=&#8221;.vc_custom_1519044353828{padding-right: 35px !important;padding-left: 35px !important;}&#8221;]<\/p>\n<div class=\"wpb_text_column wpb_content_element \">\n<div class=\"wpb_wrapper\">\n<p style=\"text-align: center;\">Donnez les cl\u00e9s de l\u2019espace \u00e0 votre client et laissez-le d\u00e9couvrir l\u2019environnement int\u00e9rieur, comme si il y \u00e9tait.<\/p>\n<\/div>\n<\/div>\n<p>[\/vc_column_text][vc_btn title=&#8221;En savoir plus&#8221; style=&#8221;flat&#8221; shape=&#8221;round&#8221; color=&#8221;vista-blue&#8221; align=&#8221;center&#8221; css=&#8221;.vc_custom_1523838665311{padding-bottom: 35px !important;}&#8221; link=&#8221;url:https%3A%2F%2Fsamir-eliouj.com%2Fvisite-virtuelle-360-interieur%2F|||&#8221;][\/vc_column][vc_column width=&#8221;1\/3&#8243; css=&#8221;.vc_custom_1482330187692{background-color: #ffffff !important;border-radius: 10px !important;}&#8221;][vc_single_image image=&#8221;3795&#8243; img_size=&#8221;413&#215;333&#8243; alignment=&#8221;center&#8221; style=&#8221;vc_box_rounded&#8221; onclick=&#8221;custom_link&#8221; css=&#8221;.vc_custom_1523841764161{margin-top: -35px !important;margin-right: -15px !important;margin-left: -15px !important;padding-top: 0px !important;padding-right: 0px !important;padding-left: 0px !important;}&#8221; link=&#8221;https:\/\/samir-eliouj.com\/perspective-interieure-3d\/&#8221;][vc_custom_heading text=&#8221;Perspective Int\u00e9rieure 3D&#8221; font_container=&#8221;tag:h2|text_align:center&#8221; google_fonts=&#8221;font_family:Montserrat%3Aregular%2C700|font_style:400%20regular%3A400%3Anormal&#8221; css=&#8221;.vc_custom_1523841969082{padding-right: 35px !important;padding-left: 35px !important;}&#8221;][vc_column_text css=&#8221;.vc_custom_1518792494103{padding-right: 35px !important;padding-left: 35px !important;}&#8221;]<\/p>\n<p style=\"text-align: center;\">Plongez votre audience dans l\u2019environnement futur. Concevez, personnalisez et exposez le design\u00a0de l\u2019espace s\u00e9lectionn\u00e9.<\/p>\n<p>[\/vc_column_text][vc_btn title=&#8221;En savoir plus&#8221; style=&#8221;flat&#8221; shape=&#8221;round&#8221; color=&#8221;vista-blue&#8221; align=&#8221;center&#8221; css=&#8221;.vc_custom_1523841774021{padding-bottom: 35px !important;}&#8221; link=&#8221;url:https%3A%2F%2Fsamir-eliouj.com%2Fperspective-interieure-3d%2F|||&#8221;][\/vc_column][\/vc_row]<\/p>\n<\/section>","protected":false},"excerpt":{"rendered":"<p>[vc_row full_width=&#8221;stretch_row&#8221; css=&#8221;.vc_custom_1518869064588{padding-top: 150px !important;padding-bottom: 150px !important;background-image: url(http:\/\/samir-eliouj.com\/wp-content\/uploads\/VISITE-VIRTUELLE-EXT\u00c9RIEURE-Header-page.jpg?id=3892) !important;background-position: center !important;background-repeat: no-repeat !important;background-size: cover !important;}&#8221;][vc_column][\/vc_column][\/vc_row][vc_row full_width=&#8221;stretch_row&#8221; content_placement=&#8221;top&#8221; css=&#8221;.vc_custom_1478009043909{padding-top: 100px !important;padding-bottom: 100px !important;background-color: #282828 !important;}&#8221;][vc_column &hellip; <a href=\"https:\/\/samir-eliouj.com\/?page_id=3751\" class=\"readmore\">More <span class=\"screen-reader-text\">Visite Virtuelle 360\u00b0 Ext\u00e9rieur<\/span> &raquo;<\/a><\/p>\n","protected":false},"author":1,"featured_media":0,"parent":0,"menu_order":0,"comment_status":"closed","ping_status":"closed","template":"template-fullwidth.php","meta":{"footnotes":""},"class_list":["post-3751","page","type-page","status-publish","hentry"],"_links":{"self":[{"href":"https:\/\/samir-eliouj.com\/index.php?rest_route=\/wp\/v2\/pages\/3751","targetHints":{"allow":["GET"]}}],"collection":[{"href":"https:\/\/samir-eliouj.com\/index.php?rest_route=\/wp\/v2\/pages"}],"about":[{"href":"https:\/\/samir-eliouj.com\/index.php?rest_route=\/wp\/v2\/types\/page"}],"author":[{"embeddable":true,"href":"https:\/\/samir-eliouj.com\/index.php?rest_route=\/wp\/v2\/users\/1"}],"replies":[{"embeddable":true,"href":"https:\/\/samir-eliouj.com\/index.php?rest_route=%2Fwp%2Fv2%2Fcomments&post=3751"}],"version-history":[{"count":16,"href":"https:\/\/samir-eliouj.com\/index.php?rest_route=\/wp\/v2\/pages\/3751\/revisions"}],"predecessor-version":[{"id":4601,"href":"https:\/\/samir-eliouj.com\/index.php?rest_route=\/wp\/v2\/pages\/3751\/revisions\/4601"}],"wp:attachment":[{"href":"https:\/\/samir-eliouj.com\/index.php?rest_route=%2Fwp%2Fv2%2Fmedia&parent=3751"}],"curies":[{"name":"wp","href":"https:\/\/api.w.org\/{rel}","templated":true}]}}