{"id":4217,"date":"2018-04-15T11:45:40","date_gmt":"2018-04-15T10:45:40","guid":{"rendered":"https:\/\/samir-eliouj.com\/?page_id=4217"},"modified":"2018-04-20T01:50:01","modified_gmt":"2018-04-20T00:50:01","slug":"360-interior-virtual-tour","status":"publish","type":"page","link":"https:\/\/samir-eliouj.com\/?page_id=4217","title":{"rendered":"360 Interior Virtual Tour"},"content":{"rendered":"<section class=\"wpb-content-wrapper\"><p>[vc_row full_width=&#8221;stretch_row&#8221; css=&#8221;.vc_custom_1518866201783{padding-top: 150px !important;padding-bottom: 150px !important;background-image: url(http:\/\/samir-eliouj.com\/wp-content\/uploads\/Visite-Virtuelle-Header-page.jpg?id=3866) !important;background-position: center !important;background-repeat: no-repeat !important;background-size: cover !important;}&#8221;][vc_column][\/vc_column][\/vc_row][vc_row full_width=&#8221;stretch_row&#8221; content_placement=&#8221;top&#8221; css=&#8221;.vc_custom_1478009043909{padding-top: 100px !important;padding-bottom: 100px !important;background-color: #282828 !important;}&#8221;][vc_column width=&#8221;1\/2&#8243;][vc_custom_heading text=&#8221;Visite Virtuelle 360\u00b0 Int\u00e9rieur&#8221; font_container=&#8221;tag:h1|font_size:60|text_align:right|color:%23ffffff&#8221; use_theme_fonts=&#8221;yes&#8221; css=&#8221;.vc_custom_1523838529015{margin-top: 0px !important;}&#8221;][\/vc_column][vc_column width=&#8221;1\/2&#8243;][vc_column_text]<span style=\"color: #ffffff;\">La Visite Virtuelle 360\u00b0 Int\u00e9rieur est la simulation digitale d\u2019un espace r\u00e9el ou fictif. Elle permet une immersion totale du spectateur qui peut alors se d\u00e9placer dans le lieu \u00e0 sa guise comme dans un jeu vid\u00e9o. Elle peut s\u2019accompagner d\u2019un fond sonore, ou encore de descriptifs d\u00e9taill\u00e9s.<\/span><\/p>\n<p><span style=\"color: #ffffff;\">UN ATOUT POUR LES ACTEURS DE L\u2019IMMOBILIER<\/span><br \/>\n<span style=\"color: #ffffff;\">La r\u00e9alit\u00e9 virtuelle est la valeur ajout\u00e9e par excellence des projets immobiliers. Elle permet de se d\u00e9marquer de ses concurrents tout en acc\u00e9l\u00e9rant l\u2019\u00e9tape la plus cruciale de tout projet.<\/span><\/p>\n<p><span style=\"color: #ffffff;\">La prise de d\u00e9cision d\u2019achat \u00e9tant acc\u00e9l\u00e9r\u00e9e, la simplification dans la r\u00e9alisation du projet en d\u00e9coule puisque le point bloquant traditionnel dans le secteur est la vente. L\u2019acteur en immobilier peut ainsi se concentrer sur d\u2019autres projets et d\u00e9velopper ses affaires.<\/span>[\/vc_column_text][\/vc_column][\/vc_row][vc_row][vc_column][vc_custom_heading text=&#8221;QUELQUES DE NOS Rendu Architectural &#8221; font_container=&#8221;tag:h2|text_align:center&#8221; google_fonts=&#8221;font_family:ABeeZee%3Aregular%2Citalic|font_style:400%20regular%3A400%3Anormal&#8221;][vc_column_text]\n    <iframe loading=\"lazy\" width=\"1000\" height=\"620\" scrolling=\"no\" allowfullscreen src=\"https:\/\/samir-eliouj.com\/wp-content\/plugins\/wp-vr-view\/asset\/index.html?image=http:\/\/samir-eliouj.com\/wp-content\/uploads\/plan-3d-maison-Salon-360.jpg&is_stereo=false\"><\/iframe>\n\n  [\/vc_column_text][\/vc_column][\/vc_row][vc_row][vc_column width=&#8221;1\/2&#8243;][vc_column_text]\n    <iframe loading=\"lazy\" width=\"1000\" height=\"620\" scrolling=\"no\" allowfullscreen src=\"https:\/\/samir-eliouj.com\/wp-content\/plugins\/wp-vr-view\/asset\/index.html?image=http:\/\/samir-eliouj.com\/wp-content\/uploads\/Cuisine-360.jpg&is_stereo=false\"><\/iframe>\n\n  [\/vc_column_text][\/vc_column][vc_column width=&#8221;1\/2&#8243;][vc_column_text]\n    <iframe loading=\"lazy\" width=\"1000\" height=\"620\" scrolling=\"no\" allowfullscreen src=\"https:\/\/samir-eliouj.com\/wp-content\/plugins\/wp-vr-view\/asset\/index.html?image=http:\/\/samir-eliouj.com\/wp-content\/uploads\/visite-virtuelle-BedRoom_02-360.jpg&is_stereo=false\"><\/iframe>\n\n  [\/vc_column_text][\/vc_column][\/vc_row][vc_row][vc_column width=&#8221;1\/2&#8243;][vc_column_text]\n    <iframe loading=\"lazy\" width=\"1000\" height=\"620\" scrolling=\"no\" allowfullscreen src=\"https:\/\/samir-eliouj.com\/wp-content\/plugins\/wp-vr-view\/asset\/index.html?image=http:\/\/samir-eliouj.com\/wp-content\/uploads\/visite-virtuelle-BedRoom_01-360.jpg&is_stereo=false\"><\/iframe>\n\n  [\/vc_column_text][\/vc_column][vc_column width=&#8221;1\/2&#8243;][vc_column_text]\n    <iframe loading=\"lazy\" width=\"1000\" height=\"620\" scrolling=\"no\" allowfullscreen src=\"https:\/\/samir-eliouj.com\/wp-content\/plugins\/wp-vr-view\/asset\/index.html?image=http:\/\/samir-eliouj.com\/wp-content\/uploads\/agence-architecture-3d-Bathroom_CH02-360.jpg&is_stereo=false\"><\/iframe>\n\n  [\/vc_column_text][\/vc_column][\/vc_row][vc_row full_width=&#8221;stretch_row&#8221; overlay=&#8221;#efefef&#8221; css=&#8221;.vc_custom_1522935824385{background-color: #f7f7f7 !important;}&#8221;][vc_column][vc_custom_heading text=&#8221;Contact us for a quote&#8221; google_fonts=&#8221;font_family:Abel%3Aregular|font_style:400%20regular%3A400%3Anormal&#8221;]\n<div class=\"wpcf7 no-js\" id=\"wpcf7-f2444-o1\" lang=\"fr-FR\" dir=\"ltr\">\n<div class=\"screen-reader-response\"><p role=\"status\" aria-live=\"polite\" aria-atomic=\"true\"><\/p> <ul><\/ul><\/div>\n<form action=\"\/index.php?rest_route=%2Fwp%2Fv2%2Fpages%2F4217#wpcf7-f2444-o1\" method=\"post\" class=\"wpcf7-form init\" aria-label=\"Formulaire de contact\" novalidate=\"novalidate\" data-status=\"init\">\n<div style=\"display: none;\">\n<input type=\"hidden\" name=\"_wpcf7\" value=\"2444\" \/>\n<input type=\"hidden\" name=\"_wpcf7_version\" value=\"5.7.7\" \/>\n<input type=\"hidden\" name=\"_wpcf7_locale\" value=\"fr_FR\" \/>\n<input type=\"hidden\" name=\"_wpcf7_unit_tag\" value=\"wpcf7-f2444-o1\" \/>\n<input type=\"hidden\" name=\"_wpcf7_container_post\" value=\"0\" \/>\n<input type=\"hidden\" name=\"_wpcf7_posted_data_hash\" value=\"\" \/>\n<\/div>\n<p><label> Name<br \/>\n<span class=\"wpcf7-form-control-wrap\" data-name=\"your-name\"><input size=\"40\" class=\"wpcf7-form-control wpcf7-text wpcf7-validates-as-required\" aria-required=\"true\" aria-invalid=\"false\" value=\"\" type=\"text\" name=\"your-name\" \/><\/span> <\/label>\n<\/p>\n<p><label> Choose your products<\/label>\n<\/p>\n<p><span class=\"wpcf7-form-control-wrap\" data-name=\"Chooseyourproducts\"><span class=\"wpcf7-form-control wpcf7-checkbox wpcf7-validates-as-required\"><span class=\"wpcf7-list-item first\"><label><span class=\"wpcf7-list-item-label\">3D Interior Visualization<\/span><input type=\"checkbox\" name=\"Chooseyourproducts[]\" value=\"3D Interior Visualization\" \/><\/label><\/span><span class=\"wpcf7-list-item\"><label><span class=\"wpcf7-list-item-label\">3D EXterior Visualization<\/span><input type=\"checkbox\" name=\"Chooseyourproducts[]\" value=\"3D EXterior Visualization\" \/><\/label><\/span><span class=\"wpcf7-list-item\"><label><span class=\"wpcf7-list-item-label\">3D Animation<\/span><input type=\"checkbox\" name=\"Chooseyourproducts[]\" value=\"3D Animation\" \/><\/label><\/span><span class=\"wpcf7-list-item\"><label><span class=\"wpcf7-list-item-label\">3D Tour 360\u00b0<\/span><input type=\"checkbox\" name=\"Chooseyourproducts[]\" value=\"3D Tour 360\u00b0\" \/><\/label><\/span><span class=\"wpcf7-list-item last\"><label><span class=\"wpcf7-list-item-label\">VR Real Time<\/span><input type=\"checkbox\" name=\"Chooseyourproducts[]\" value=\"VR Real Time\" \/><\/label><\/span><\/span><\/span>\n<\/p>\n<p><label> Your email (obligatory)<br \/>\n<span class=\"wpcf7-form-control-wrap\" data-name=\"your-email\"><input size=\"40\" class=\"wpcf7-form-control wpcf7-text wpcf7-email wpcf7-validates-as-required wpcf7-validates-as-email\" aria-required=\"true\" aria-invalid=\"false\" value=\"\" type=\"email\" name=\"your-email\" \/><\/span> <\/label>\n<\/p>\n<p><label> Subjet<br \/>\n<span class=\"wpcf7-form-control-wrap\" data-name=\"your-subject\"><input size=\"40\" class=\"wpcf7-form-control wpcf7-text\" aria-invalid=\"false\" value=\"\" type=\"text\" name=\"your-subject\" \/><\/span> <\/label>\n<\/p>\n<p><label> Your message<br \/>\n<span class=\"wpcf7-form-control-wrap\" data-name=\"your-message\"><textarea cols=\"40\" rows=\"10\" class=\"wpcf7-form-control wpcf7-textarea\" aria-invalid=\"false\" name=\"your-message\"><\/textarea><\/span> <\/label>\n<\/p>\n<p><input class=\"wpcf7-form-control has-spinner wpcf7-submit\" type=\"submit\" value=\"Send\" \/>\n<\/p><div class=\"wpcf7-response-output\" aria-hidden=\"true\"><\/div>\n<\/form>\n<\/div>\n[\/vc_column][\/vc_row][vc_row full_width=&#8221;stretch_row&#8221; css=&#8221;.vc_custom_1513203640518{background-color: #f2f2f2 !important;}&#8221;][vc_column][vc_custom_heading text=&#8221;OUR RECOMMENDED 3D SERVICES&#8221; font_container=&#8221;tag:h1|font_size:30|text_align:center|color:%2306bcd1&#8243; use_theme_fonts=&#8221;yes&#8221;][vc_column_text]<\/p>\n<div class=\"Section__subtitle\" style=\"text-align: center;\">If you like 2D Floor plan service you may be interested in ..<\/div>\n<p>[\/vc_column_text][\/vc_column][\/vc_row][vc_row full_width=&#8221;stretch_row&#8221; gap=&#8221;20&#8243; equal_height=&#8221;yes&#8221; css=&#8221;.vc_custom_1518784076407{padding-top: 15px !important;padding-bottom: 15px !important;}&#8221;][vc_column width=&#8221;1\/3&#8243; css=&#8221;.vc_custom_1482330005993{background-color: #ffffff !important;border-radius: 10px !important;}&#8221;][vc_single_image image=&#8221;3807&#8243; img_size=&#8221;413&#215;333&#8243; alignment=&#8221;center&#8221; style=&#8221;vc_box_rounded&#8221; onclick=&#8221;custom_link&#8221; css=&#8221;.vc_custom_1524153433817{margin-top: -35px !important;margin-right: -15px !important;margin-left: -15px !important;padding-top: 0px !important;padding-right: 0px !important;padding-left: 0px !important;}&#8221; link=&#8221;https:\/\/samir-eliouj.com\/3d-architectural-animation\/&#8221;][vc_custom_heading text=&#8221;3D Architectural Animation&#8221; font_container=&#8221;tag:h2|text_align:center&#8221; google_fonts=&#8221;font_family:Montserrat%3Aregular%2C700|font_style:400%20regular%3A400%3Anormal&#8221; css=&#8221;.vc_custom_1524066537998{padding-right: 35px !important;padding-left: 35px !important;}&#8221;][vc_column_text css=&#8221;.vc_custom_1524066561773{padding-right: 35px !important;padding-left: 35px !important;}&#8221;]<\/p>\n<div class=\"wpb_text_column wpb_content_element \">\n<div class=\"wpb_wrapper\">\n<p style=\"text-align: center;\">3D animated film enhance your products and your real estate projects, dynamic and original presentation.<\/p>\n<\/div>\n<\/div>\n<p>[\/vc_column_text][vc_btn title=&#8221;Learn More&#8221; style=&#8221;flat&#8221; shape=&#8221;round&#8221; color=&#8221;vista-blue&#8221; align=&#8221;center&#8221; css=&#8221;.vc_custom_1524067670474{padding-bottom: 35px !important;}&#8221; link=&#8221;url:https%3A%2F%2Fsamir-eliouj.com%2F3d-architectural-animation%2F|||&#8221;][\/vc_column][vc_column width=&#8221;1\/3&#8243; css=&#8221;.vc_custom_1482330181055{background-color: #ffffff !important;border-radius: 10px !important;}&#8221;][vc_single_image image=&#8221;3794&#8243; img_size=&#8221;413&#215;333&#8243; alignment=&#8221;center&#8221; style=&#8221;vc_box_rounded&#8221; onclick=&#8221;custom_link&#8221; css=&#8221;.vc_custom_1524153368963{margin-top: -35px !important;margin-right: -15px !important;margin-left: -15px !important;padding-top: 0px !important;padding-right: 0px !important;padding-left: 0px !important;}&#8221; link=&#8221;https:\/\/samir-eliouj.com\/3d-exterior-rendering\/&#8221;][vc_custom_heading text=&#8221;3D Outdoor Rendering&#8221; font_container=&#8221;tag:h2|text_align:center&#8221; google_fonts=&#8221;font_family:Montserrat%3Aregular%2C700|font_style:400%20regular%3A400%3Anormal&#8221; css=&#8221;.vc_custom_1524066384531{padding-right: 35px !important;padding-left: 35px !important;}&#8221;][vc_column_text css=&#8221;.vc_custom_1524066404554{padding-right: 35px !important;padding-left: 35px !important;}&#8221;]<\/p>\n<div class=\"wpb_text_column wpb_content_element \">\n<div class=\"wpb_wrapper\">\n<p style=\"text-align: center;\">Visualize the exterior space of a future good and instantly place it in its environment.<\/p>\n<\/div>\n<\/div>\n<p>[\/vc_column_text][vc_btn title=&#8221;Learn more&#8221; style=&#8221;flat&#8221; shape=&#8221;round&#8221; color=&#8221;vista-blue&#8221; align=&#8221;center&#8221; css=&#8221;.vc_custom_1524067326847{padding-bottom: 35px !important;}&#8221; link=&#8221;url:https%3A%2F%2Fsamir-eliouj.com%2F3d-exterior-rendering%2F|||&#8221;][\/vc_column][vc_column width=&#8221;1\/3&#8243; css=&#8221;.vc_custom_1482330187692{background-color: #ffffff !important;border-radius: 10px !important;}&#8221;][vc_single_image image=&#8221;3790&#8243; img_size=&#8221;414&#215;333&#8243; alignment=&#8221;center&#8221; style=&#8221;vc_box_rounded&#8221; onclick=&#8221;custom_link&#8221; css=&#8221;.vc_custom_1524153473362{margin-top: -35px !important;margin-right: -15px !important;margin-left: -15px !important;padding-top: 0px !important;padding-right: 0px !important;padding-left: 0px !important;}&#8221; link=&#8221;https:\/\/samir-eliouj.com\/3d-exterior-virtual-tour\/&#8221;][vc_custom_heading text=&#8221;360 Exterior Virtual Tour&#8221; font_container=&#8221;tag:h2|text_align:center&#8221; google_fonts=&#8221;font_family:Montserrat%3Aregular%2C700|font_style:400%20regular%3A400%3Anormal&#8221; css=&#8221;.vc_custom_1524067720420{padding-right: 35px !important;padding-left: 35px !important;}&#8221;][vc_column_text css=&#8221;.vc_custom_1524066730625{padding-right: 35px !important;padding-left: 35px !important;}&#8221;]<\/p>\n<div class=\"wpb_text_column wpb_content_element \">\n<div class=\"wpb_wrapper\">\n<div class=\"wpb_text_column wpb_content_element \">\n<div class=\"wpb_wrapper\">\n<p style=\"text-align: center;\">Bring your audience into action with an outdoor virtual tour. Your client is the actor of his experience.<\/p>\n<\/div>\n<\/div>\n<\/div>\n<\/div>\n<p>[\/vc_column_text][vc_btn title=&#8221;Learn More&#8221; style=&#8221;flat&#8221; shape=&#8221;round&#8221; color=&#8221;vista-blue&#8221; align=&#8221;center&#8221; css=&#8221;.vc_custom_1524067528422{padding-bottom: 35px !important;}&#8221; link=&#8221;url:https%3A%2F%2Fsamir-eliouj.com%2F3d-exterior-virtual-tour%2F|||&#8221;][\/vc_column][\/vc_row]<\/p>\n<\/section>","protected":false},"excerpt":{"rendered":"<p>[vc_row full_width=&#8221;stretch_row&#8221; css=&#8221;.vc_custom_1518866201783{padding-top: 150px !important;padding-bottom: 150px !important;background-image: url(http:\/\/samir-eliouj.com\/wp-content\/uploads\/Visite-Virtuelle-Header-page.jpg?id=3866) !important;background-position: center !important;background-repeat: no-repeat !important;background-size: cover !important;}&#8221;][vc_column][\/vc_column][\/vc_row][vc_row full_width=&#8221;stretch_row&#8221; content_placement=&#8221;top&#8221; css=&#8221;.vc_custom_1478009043909{padding-top: 100px !important;padding-bottom: 100px !important;background-color: #282828 !important;}&#8221;][vc_column &hellip; <a href=\"https:\/\/samir-eliouj.com\/?page_id=4217\" class=\"readmore\">More <span class=\"screen-reader-text\">360 Interior Virtual Tour<\/span> &raquo;<\/a><\/p>\n","protected":false},"author":1,"featured_media":0,"parent":0,"menu_order":0,"comment_status":"closed","ping_status":"closed","template":"template-fullwidth.php","meta":{"footnotes":""},"class_list":["post-4217","page","type-page","status-publish","hentry"],"_links":{"self":[{"href":"https:\/\/samir-eliouj.com\/index.php?rest_route=\/wp\/v2\/pages\/4217","targetHints":{"allow":["GET"]}}],"collection":[{"href":"https:\/\/samir-eliouj.com\/index.php?rest_route=\/wp\/v2\/pages"}],"about":[{"href":"https:\/\/samir-eliouj.com\/index.php?rest_route=\/wp\/v2\/types\/page"}],"author":[{"embeddable":true,"href":"https:\/\/samir-eliouj.com\/index.php?rest_route=\/wp\/v2\/users\/1"}],"replies":[{"embeddable":true,"href":"https:\/\/samir-eliouj.com\/index.php?rest_route=%2Fwp%2Fv2%2Fcomments&post=4217"}],"version-history":[{"count":4,"href":"https:\/\/samir-eliouj.com\/index.php?rest_route=\/wp\/v2\/pages\/4217\/revisions"}],"predecessor-version":[{"id":4324,"href":"https:\/\/samir-eliouj.com\/index.php?rest_route=\/wp\/v2\/pages\/4217\/revisions\/4324"}],"wp:attachment":[{"href":"https:\/\/samir-eliouj.com\/index.php?rest_route=%2Fwp%2Fv2%2Fmedia&parent=4217"}],"curies":[{"name":"wp","href":"https:\/\/api.w.org\/{rel}","templated":true}]}}